{"id":391,"date":"2025-07-12T16:54:13","date_gmt":"2025-07-12T14:54:13","guid":{"rendered":"https:\/\/k-ciaservice.co.mz\/?page_id=391"},"modified":"2025-07-17T15:36:11","modified_gmt":"2025-07-17T13:36:11","slug":"k-ciaservice-com","status":"publish","type":"page","link":"https:\/\/adamds.com\/","title":{"rendered":"Check-Up Gratu\u00edto &#8211; K-Cia Service"},"content":{"rendered":"<h1 style=\"text-align: center;\"><img decoding=\"async\" role=\"img\" alt=\"\u26a0\ufe0f\" src=\"https:\/\/s.w.org\/images\/core\/emoji\/16.0.1\/svg\/26a0.svg\"> <span><strong><span style=\"--tcb-applied-color: var$(--tcb-skin-color-2) !important; color: var(--tcb-skin-color-2) !important;\">P\u00c1RA AGORA MESMO<\/span><\/strong><span style=\"--tcb-applied-color: var$(--tcb-skin-color-2) !important; color: var(--tcb-skin-color-2) !important;\">&nbsp;de arriscar a vida do teu carro!<\/span><\/span><\/h1>\n<h2 style=\"text-align: center;\"><span>&#8211; Fa\u00e7a um check-up gr\u00e1tis da tua viatura (Poupa 2.500 MT) &#8211;<\/span><span>Deixa o teu nome, telefone e email para agendarmos o check-up do teu carro<\/span><\/h2>\n<p style=\"\"><span>d<\/span><\/p>\n<h2 style=\"text-align: center;\">O Check-Up gr\u00e1tis da tua viatura inclui&#8230;<\/h2>\n<ul>\n<li><span>1<\/span><span style=\"\"><span style=\"font-family: Hind; font-weight: 400; --tcb-applied-color: var$(--tcb-color-0) !important;\"><span style=\"font-size: 22px; --tcb-applied-color: var$(--tcb-color-0) !important;\"><strong>\u00d3LEO DO MOTOR<\/strong><\/span><\/span><span style=\"--tcb-applied-color: var$(--tcb-skin-color-3) !important; color: var(--tcb-skin-color-3) !important;\">Verifica\u00e7\u00e3o do estado do \u00f3leo do motor e a sua respectiva troca gr\u00e1tis.<\/span><\/span><\/li>\n<li><span>2<\/span><span style=\"\"><span style=\"font-family: Hind; font-weight: 400; --tcb-applied-color: var$(--tcb-color-0) !important;\"><span style=\"font-size: 22px; --tcb-applied-color: var$(--tcb-color-0) !important;\"><strong><span style=\"font-family: Hind; font-weight: 400; --tcb-applied-color: var$(--tcb-color-0) !important;\"><span style=\"font-size: 22px; --tcb-applied-color: var$(--tcb-color-0) !important;\"><strong>TRAV\u00d5ES<\/strong><\/span><\/span><\/strong><\/span><\/span><span style=\"--tcb-applied-color: var$(--tcb-skin-color-3) !important; color: var(--tcb-skin-color-3) !important;\">Verifica\u00e7\u00e3o dos trav\u00f5es e troca gr\u00e1tis de cal\u00e7os e balatas.<\/span><\/span><\/li>\n<li><span>3<\/span><span style=\"\"><span style=\"font-family: Hind; font-weight: 400; --tcb-applied-color: var$(--tcb-color-0) !important;\"><span style=\"font-size: 22px; --tcb-applied-color: var$(--tcb-color-0) !important;\"><strong><span style=\"font-family: Hind; font-weight: 400; --tcb-applied-color: var$(--tcb-color-0) !important;\"><span style=\"font-size: 22px; --tcb-applied-color: var$(--tcb-color-0) !important;\"><strong>AMORTECEDORES<\/strong><\/span><\/span><\/strong><\/span><\/span><span style=\"--tcb-applied-color: var$(--tcb-skin-color-3) !important; color: var(--tcb-skin-color-3) !important;\">Verifica\u00e7\u00e3o dos amortecedores e a troca gr\u00e1tis das mesmas<\/span><\/span><\/li>\n<li><span>4<\/span><span style=\"\"><span style=\"font-family: Hind; font-weight: 400; --tcb-applied-color: var$(--tcb-color-0) !important;\"><span style=\"font-size: 22px; --tcb-applied-color: var$(--tcb-color-0) !important;\"><strong><span style=\"font-family: Hind; font-weight: 400; --tcb-applied-color: var$(--tcb-color-0) !important;\"><span style=\"font-size: 22px; --tcb-applied-color: var$(--tcb-color-0) !important;\"><strong>BATERIA<\/strong><\/span><\/span><\/strong><\/span><\/span><span style=\"--tcb-applied-color: var$(--tcb-skin-color-3) !important; color: var(--tcb-skin-color-3) !important;\">Verifica\u00e7\u00e3o do n\u00edvel de carga na bateria e repara\u00e7\u00e3o gr\u00e1tis do alternador caso tenha algum problema.<\/span><\/span><\/li>\n<\/ul>\n<h1 style=\"text-align: center;\">O valor total do Check-up \u00e9 2.500 MT.<\/h1>\n<h1 style=\"text-align: center;\">HOJE \u00e9 GR\u00c1TIS para as primeiras 30 pessoas.<\/h1>\n<h2 style=\"text-align: center;\"><img decoding=\"async\" role=\"img\" alt=\"\u26a0\ufe0f\" src=\"https:\/\/s.w.org\/images\/core\/emoji\/16.0.1\/svg\/26a0.svg\"> IGNORAR ESTE CHECK-UP PODE TE CUSTAR CARO:<\/h2>\n<p><span><img decoding=\"async\" alt=\"\" width=\"346\" height=\"173\" title=\"aaaa\" data-id=\"427\" src=\"https:\/\/k-ciaservice.co.mz\/wp-content\/uploads\/2025\/07\/aaaa.jpg\" data-width=\"346\" data-height=\"173\" data-init-width=\"800\" data-init-height=\"400\" style=\"aspect-ratio: auto 800 \/ 400;\" loading=\"lazy\"><\/span><\/p>\n<p style=\"text-align: center;\"><strong>MOTOR GRIPADO<\/strong><\/p>\n<p style=\"text-align: center;\">\u00d3leo de motor desgastado ou insuficiente causa desgaste prematuro e pode gripar o motor do teu carro.<\/p>\n<p><span><img decoding=\"async\" alt=\"\" width=\"318\" height=\"174\" title=\"Screenshot 2025-07-12 at 15.44.38\" data-id=\"429\" src=\"https:\/\/k-ciaservice.co.mz\/wp-content\/uploads\/2025\/07\/Screenshot-2025-07-12-at-15.44.38.png\" data-width=\"318\" data-height=\"174\" data-init-width=\"975\" data-init-height=\"535\" loading=\"lazy\" style=\"aspect-ratio: auto 975 \/ 535;\"><\/span><\/p>\n<p style=\"text-align: center;\"><strong>ACIDENTES FATAIS<\/strong><\/p>\n<p style=\"text-align: center;\">Cal\u00e7os e balatas gastas aumentam a dist\u00e2ncia de travagem em at\u00e9 40%, causando acidentes graves.<\/p>\n<p><span><img decoding=\"async\" alt=\"\" width=\"311\" height=\"175\" title=\"llll\" data-id=\"431\" src=\"https:\/\/k-ciaservice.co.mz\/wp-content\/uploads\/2025\/07\/llll.webp\" data-width=\"311\" data-height=\"175\" data-init-width=\"284\" data-init-height=\"160\" loading=\"lazy\" style=\"aspect-ratio: auto 284 \/ 160;\"><\/span><\/p>\n<p style=\"text-align: center;\"><strong>O CARRO &#8220;N\u00c3O PEGA&#8221;<\/strong><\/p>\n<p style=\"text-align: center;\">A bateria fraca do teu carro pode deixar a ti e a tua fam\u00edlia pendurados na rua \u00e0s altas horas da noite.<\/p>\n<h2 style=\"text-align: center;\">&#8220;87% dos problemas graves em ve\u00edculos podem ser evitados com verifica\u00e7\u00f5es preventivas simples!&#8221;<\/h2>\n<p data-end=\"1274\" data-start=\"1170\"><span>Porque sabemos que <strong data-end=\"1272\" data-start=\"1189\">depois de testemunhar a qualidade dos nossos servi\u00e7os, &nbsp;vais sempre preferir trabalhar connosco.<\/strong><\/span><\/p>\n<p data-end=\"1274\" data-start=\"1170\"><span><span><strong data-end=\"1272\" data-start=\"1189\">A K-Cia Service \u00e9 uma empresa mo\u00e7ambicana que fornece lubrificantes certificados, pe\u00e7as originais e atendimento t\u00e9cnico p\u00f3s-venda gratu\u00edto.<\/strong><\/span><\/span><\/p>\n<p data-end=\"1274\" data-start=\"1170\"><span><span><strong data-end=\"1272\" data-start=\"1189\">Somos parceiros das marcas CIM Lubs, Shell, Castrol, GUD e Enerka.<\/strong><\/span><\/span><\/p>\n<p data-end=\"1463\" data-start=\"1281\">\n<h1 style=\"text-align: center;\">Benef\u00edcios de trabalhar com a K-Cia Service:<\/h1>\n<h4 style=\"\">Seguran\u00e7a Garantida:<\/h4>\n<p style=\"\">Conduza relaxado sabendo que seu ve\u00edculo est\u00e1 em perfeitas condi\u00e7\u00f5es.<\/p>\n<h4 style=\"\">Poupa Dinheiro:<\/h4>\n<p style=\"\">Evite reparos car\u00edssimos detectando problemas antes que se agravem.<\/p>\n<h4 style=\"\">Ande Prevenido:<\/h4>\n<p style=\"\">N\u00e3o fique preso na estrada nem perca compromissos importantes.<\/p>\n<h4 style=\"\">Atendimento Diferenciado:<\/h4>\n<p style=\"\">Podes trazer o teu carro na nossa oficina ou a nossa equipa pode ir ao teu encontro sempre que precisares.<\/p>\n<h2 style=\"text-align: center;\"><span><strong>Perguntas Frequentes<\/strong><\/span><\/h2>\n<p style=\"text-align: center;\">Aqui est\u00e3o as respostas das perguntas mais frequentes<\/p>\n<p><span><\/span><\/p>\n<h4 style=\"\"><span>Eu preciso comprar algo?<\/span><\/h4>\n<p style=\"\">Este check-up \u00e9 100% GR\u00c1TIS para os primeiros 30 clientes que agendarem hoje! Normalmente custaria 2.500 meticais.<\/p>\n<p><span><\/span><\/p>\n<h4 style=\"\"><span>Quanto tempo leva o check-up?<\/span><\/h4>\n<p>O check-up completo leva aproximadamente 45 minutos.<\/p>\n<p><span><\/span><\/p>\n<h4 style=\"\"><span>Onde est\u00e3o localizados?<\/span><\/h4>\n<p>Estamos localizados na Matola, na Avenida Samora Machel, EN4, n\u00ba 1622, na paragem &nbsp;Rua do Hospital, depois do restaurante Buraco da Velha.<\/p>\n<p><span><\/span><\/p>\n<h4 style=\"\"><span>E se eu precisar de mudar \u00f3leo ou outra coisa?<\/span><\/h4>\n<p>Se for necess\u00e1rio trocar \u00f3leo, cal\u00e7os ou balatas, trocaremos GRATUITAMENTE como parte desta oferta especial!<\/p>\n<p><span><\/span><\/p>\n<h4 style=\"\"><span>Preciso de comprar algo?<\/span><\/h4>\n<p>Absolutamente n\u00e3o! Esta \u00e9 uma oferta sem compromisso. O nosso objetivo \u00e9 mostrar a qualidade da K-Cia Service.<\/p>\n<p><span><\/span><\/p>\n<h4 style=\"\"><span>Fazem atendimento domiciliar<\/span><\/h4>\n<p>Sim! Atendemos fazemos atendimento domiciliar.&nbsp;<\/p>\n<p><span><\/span><\/p>\n<h4 style=\"\"><span>N\u00e3o encontraste a resposta que estavas a procura?<\/span><\/h4>\n<p>Entra em contacto:<\/p>\n<p>Telefone: 84 874 50 16 \/ 86 387 14 22<\/p>\n<p>Email: faizal.jose@k-ciaservice.co.mz<\/p>\n<p style=\"text-align: center;\">N\u00e3o deixa o teu carro em risco!<\/p>\n<p style=\"text-align: center; color: rgb(252, 0, 23) !important; --tcb-applied-color: rgb(252, 0, 23) !important;\"><span>Temos apenas 30 check-ups gratu\u00edtos dispon\u00edveis. Garanta o check-up do teu carro HOJE!<\/span><\/p>\n","protected":false},"excerpt":{"rendered":"<p>P\u00c1RA AGORA MESMO&nbsp;de arriscar a vida do teu carro! &#8211; Fa\u00e7a um check-up gr\u00e1tis da tua viatura (Poupa 2.500 MT) &#8211;Deixa o teu nome, telefone e email para agendarmos o check-up do teu carro d O Check-Up gr\u00e1tis da tua viatura inclui&#8230; 1\u00d3LEO DO MOTORVerifica\u00e7\u00e3o do estado do \u00f3leo do motor e a sua respectiva [&hellip;]<\/p>\n","protected":false},"author":1,"featured_media":400,"parent":0,"menu_order":0,"comment_status":"closed","ping_status":"closed","template":"","meta":{"footnotes":""},"class_list":["post-391","page","type-page","status-publish","has-post-thumbnail","hentry","post-wrapper","thrv_wrapper"],"yoast_head":"<!-- This site is optimized with the Yoast SEO plugin v25.4 - https:\/\/yoast.com\/wordpress\/plugins\/seo\/ -->\n<title>P\u00e1ra de arriscar a vida do teu carro!<\/title>\n<meta name=\"description\" content=\"Traga o teu carro para um check-up gratu\u00edto (poupa 2500Mt). Estamos na Matola, EN4, ap\u00f3s o restaurante Buraco da Velha, para quem vai a Mahlapswene.\" \/>\n<meta name=\"robots\" content=\"index, follow, max-snippet:-1, max-image-preview:large, max-video-preview:-1\" \/>\n<link rel=\"canonical\" href=\"https:\/\/adamds.com\/\" \/>\n<meta property=\"og:locale\" content=\"en_US\" \/>\n<meta property=\"og:type\" content=\"article\" \/>\n<meta property=\"og:title\" content=\"P\u00e1ra de arriscar a vida do teu carro!\" \/>\n<meta property=\"og:description\" content=\"Traga o teu carro para um check-up gratu\u00edto (poupa 2500Mt). Estamos na Matola, EN4, ap\u00f3s o restaurante Buraco da Velha, para quem vai a Mahlapswene.\" \/>\n<meta property=\"og:url\" content=\"https:\/\/adamds.com\/\" \/>\n<meta property=\"og:site_name\" content=\"K-Cia Service\" \/>\n<meta property=\"article:publisher\" content=\"https:\/\/web.facebook.com\/kciaservice\" \/>\n<meta property=\"article:modified_time\" content=\"2025-07-17T13:36:11+00:00\" \/>\n<meta property=\"og:image\" content=\"https:\/\/adamds.com\/wp-content\/uploads\/2025\/07\/asdf.jpg\" \/>\n\t<meta property=\"og:image:width\" content=\"800\" \/>\n\t<meta property=\"og:image:height\" content=\"533\" \/>\n\t<meta property=\"og:image:type\" content=\"image\/jpeg\" \/>\n<meta name=\"twitter:card\" content=\"summary_large_image\" \/>\n<meta name=\"twitter:label1\" content=\"Est. reading time\" \/>\n\t<meta name=\"twitter:data1\" content=\"4 minutes\" \/>\n<script type=\"application\/ld+json\" class=\"yoast-schema-graph\">{\"@context\":\"https:\/\/schema.org\",\"@graph\":[{\"@type\":\"WebPage\",\"@id\":\"https:\/\/adamds.com\/\",\"url\":\"https:\/\/adamds.com\/\",\"name\":\"P\u00e1ra de arriscar a vida do teu carro!\",\"isPartOf\":{\"@id\":\"https:\/\/adamds.com\/#website\"},\"primaryImageOfPage\":{\"@id\":\"https:\/\/adamds.com\/#primaryimage\"},\"image\":{\"@id\":\"https:\/\/adamds.com\/#primaryimage\"},\"thumbnailUrl\":\"https:\/\/adamds.com\/wp-content\/uploads\/2025\/07\/asdf.jpg\",\"datePublished\":\"2025-07-12T14:54:13+00:00\",\"dateModified\":\"2025-07-17T13:36:11+00:00\",\"description\":\"Traga o teu carro para um check-up gratu\u00edto (poupa 2500Mt). Estamos na Matola, EN4, ap\u00f3s o restaurante Buraco da Velha, para quem vai a Mahlapswene.\",\"breadcrumb\":{\"@id\":\"https:\/\/adamds.com\/#breadcrumb\"},\"inLanguage\":\"en-US\",\"potentialAction\":[{\"@type\":\"ReadAction\",\"target\":[\"https:\/\/adamds.com\/\"]}]},{\"@type\":\"ImageObject\",\"inLanguage\":\"en-US\",\"@id\":\"https:\/\/adamds.com\/#primaryimage\",\"url\":\"https:\/\/adamds.com\/wp-content\/uploads\/2025\/07\/asdf.jpg\",\"contentUrl\":\"https:\/\/adamds.com\/wp-content\/uploads\/2025\/07\/asdf.jpg\",\"width\":800,\"height\":533},{\"@type\":\"BreadcrumbList\",\"@id\":\"https:\/\/adamds.com\/#breadcrumb\",\"itemListElement\":[{\"@type\":\"ListItem\",\"position\":1,\"name\":\"Home\",\"item\":\"https:\/\/adamds.com\/\"},{\"@type\":\"ListItem\",\"position\":2,\"name\":\"Check-Up Gratu\u00edto &#8211; K-Cia Service\"}]},{\"@type\":\"WebSite\",\"@id\":\"https:\/\/adamds.com\/#website\",\"url\":\"https:\/\/adamds.com\/\",\"name\":\"K-Cia Service\",\"description\":\"\u00e9 uma empresa mo\u00e7ambicana que fornece lubrificantes certificados, pe\u00e7as originais e atendimento t\u00e9cnico p\u00f3s-venda gratu\u00edto.\",\"publisher\":{\"@id\":\"https:\/\/adamds.com\/#organization\"},\"potentialAction\":[{\"@type\":\"SearchAction\",\"target\":{\"@type\":\"EntryPoint\",\"urlTemplate\":\"https:\/\/adamds.com\/?s={search_term_string}\"},\"query-input\":{\"@type\":\"PropertyValueSpecification\",\"valueRequired\":true,\"valueName\":\"search_term_string\"}}],\"inLanguage\":\"en-US\"},{\"@type\":\"Organization\",\"@id\":\"https:\/\/adamds.com\/#organization\",\"name\":\"K-Cia Service\",\"url\":\"https:\/\/adamds.com\/\",\"logo\":{\"@type\":\"ImageObject\",\"inLanguage\":\"en-US\",\"@id\":\"https:\/\/adamds.com\/#\/schema\/logo\/image\/\",\"url\":\"https:\/\/k-ciaservice.co.mz\/wp-content\/uploads\/2025\/07\/KCIA-service22.png\",\"contentUrl\":\"https:\/\/k-ciaservice.co.mz\/wp-content\/uploads\/2025\/07\/KCIA-service22.png\",\"width\":718,\"height\":361,\"caption\":\"K-Cia Service\"},\"image\":{\"@id\":\"https:\/\/adamds.com\/#\/schema\/logo\/image\/\"},\"sameAs\":[\"https:\/\/web.facebook.com\/kciaservice\"]}]}<\/script>\n<!-- \/ Yoast SEO plugin. -->","yoast_head_json":{"title":"P\u00e1ra de arriscar a vida do teu carro!","description":"Traga o teu carro para um check-up gratu\u00edto (poupa 2500Mt). Estamos na Matola, EN4, ap\u00f3s o restaurante Buraco da Velha, para quem vai a Mahlapswene.","robots":{"index":"index","follow":"follow","max-snippet":"max-snippet:-1","max-image-preview":"max-image-preview:large","max-video-preview":"max-video-preview:-1"},"canonical":"https:\/\/adamds.com\/","og_locale":"en_US","og_type":"article","og_title":"P\u00e1ra de arriscar a vida do teu carro!","og_description":"Traga o teu carro para um check-up gratu\u00edto (poupa 2500Mt). Estamos na Matola, EN4, ap\u00f3s o restaurante Buraco da Velha, para quem vai a Mahlapswene.","og_url":"https:\/\/adamds.com\/","og_site_name":"K-Cia Service","article_publisher":"https:\/\/web.facebook.com\/kciaservice","article_modified_time":"2025-07-17T13:36:11+00:00","og_image":[{"width":800,"height":533,"url":"https:\/\/adamds.com\/wp-content\/uploads\/2025\/07\/asdf.jpg","type":"image\/jpeg"}],"twitter_card":"summary_large_image","twitter_misc":{"Est. reading time":"4 minutes"},"schema":{"@context":"https:\/\/schema.org","@graph":[{"@type":"WebPage","@id":"https:\/\/adamds.com\/","url":"https:\/\/adamds.com\/","name":"P\u00e1ra de arriscar a vida do teu carro!","isPartOf":{"@id":"https:\/\/adamds.com\/#website"},"primaryImageOfPage":{"@id":"https:\/\/adamds.com\/#primaryimage"},"image":{"@id":"https:\/\/adamds.com\/#primaryimage"},"thumbnailUrl":"https:\/\/adamds.com\/wp-content\/uploads\/2025\/07\/asdf.jpg","datePublished":"2025-07-12T14:54:13+00:00","dateModified":"2025-07-17T13:36:11+00:00","description":"Traga o teu carro para um check-up gratu\u00edto (poupa 2500Mt). Estamos na Matola, EN4, ap\u00f3s o restaurante Buraco da Velha, para quem vai a Mahlapswene.","breadcrumb":{"@id":"https:\/\/adamds.com\/#breadcrumb"},"inLanguage":"en-US","potentialAction":[{"@type":"ReadAction","target":["https:\/\/adamds.com\/"]}]},{"@type":"ImageObject","inLanguage":"en-US","@id":"https:\/\/adamds.com\/#primaryimage","url":"https:\/\/adamds.com\/wp-content\/uploads\/2025\/07\/asdf.jpg","contentUrl":"https:\/\/adamds.com\/wp-content\/uploads\/2025\/07\/asdf.jpg","width":800,"height":533},{"@type":"BreadcrumbList","@id":"https:\/\/adamds.com\/#breadcrumb","itemListElement":[{"@type":"ListItem","position":1,"name":"Home","item":"https:\/\/adamds.com\/"},{"@type":"ListItem","position":2,"name":"Check-Up Gratu\u00edto &#8211; K-Cia Service"}]},{"@type":"WebSite","@id":"https:\/\/adamds.com\/#website","url":"https:\/\/adamds.com\/","name":"K-Cia Service","description":"\u00e9 uma empresa mo\u00e7ambicana que fornece lubrificantes certificados, pe\u00e7as originais e atendimento t\u00e9cnico p\u00f3s-venda gratu\u00edto.","publisher":{"@id":"https:\/\/adamds.com\/#organization"},"potentialAction":[{"@type":"SearchAction","target":{"@type":"EntryPoint","urlTemplate":"https:\/\/adamds.com\/?s={search_term_string}"},"query-input":{"@type":"PropertyValueSpecification","valueRequired":true,"valueName":"search_term_string"}}],"inLanguage":"en-US"},{"@type":"Organization","@id":"https:\/\/adamds.com\/#organization","name":"K-Cia Service","url":"https:\/\/adamds.com\/","logo":{"@type":"ImageObject","inLanguage":"en-US","@id":"https:\/\/adamds.com\/#\/schema\/logo\/image\/","url":"https:\/\/k-ciaservice.co.mz\/wp-content\/uploads\/2025\/07\/KCIA-service22.png","contentUrl":"https:\/\/k-ciaservice.co.mz\/wp-content\/uploads\/2025\/07\/KCIA-service22.png","width":718,"height":361,"caption":"K-Cia Service"},"image":{"@id":"https:\/\/adamds.com\/#\/schema\/logo\/image\/"},"sameAs":["https:\/\/web.facebook.com\/kciaservice"]}]}},"_links":{"self":[{"href":"https:\/\/adamds.com\/index.php?rest_route=\/wp\/v2\/pages\/391","targetHints":{"allow":["GET"]}}],"collection":[{"href":"https:\/\/adamds.com\/index.php?rest_route=\/wp\/v2\/pages"}],"about":[{"href":"https:\/\/adamds.com\/index.php?rest_route=\/wp\/v2\/types\/page"}],"author":[{"embeddable":true,"href":"https:\/\/adamds.com\/index.php?rest_route=\/wp\/v2\/users\/1"}],"replies":[{"embeddable":true,"href":"https:\/\/adamds.com\/index.php?rest_route=%2Fwp%2Fv2%2Fcomments&post=391"}],"version-history":[{"count":58,"href":"https:\/\/adamds.com\/index.php?rest_route=\/wp\/v2\/pages\/391\/revisions"}],"predecessor-version":[{"id":472,"href":"https:\/\/adamds.com\/index.php?rest_route=\/wp\/v2\/pages\/391\/revisions\/472"}],"wp:featuredmedia":[{"embeddable":true,"href":"https:\/\/adamds.com\/index.php?rest_route=\/wp\/v2\/media\/400"}],"wp:attachment":[{"href":"https:\/\/adamds.com\/index.php?rest_route=%2Fwp%2Fv2%2Fmedia&parent=391"}],"curies":[{"name":"wp","href":"https:\/\/api.w.org\/{rel}","templated":true}]}}